{"id":483,"date":"2023-11-13T15:07:07","date_gmt":"2023-11-13T14:07:07","guid":{"rendered":"https:\/\/www.crippart.com\/?page_id=483"},"modified":"2023-11-13T15:25:10","modified_gmt":"2023-11-13T14:25:10","slug":"elastic","status":"publish","type":"page","link":"https:\/\/www.crippart.com\/index.php\/elastic\/","title":{"rendered":"Elastic"},"content":{"rendered":"<p>[vc_row full_width=&#8221;stretch_row_content_no_spaces&#8221;][vc_column width=&#8221;1\/3&#8243; css=&#8221;.vc_custom_1687016850462{padding-top: 40px !important;padding-right: 40px !important;padding-left: 50px !important;}&#8221;][vc_column_text]ELASTIC<\/p>\n<p>La macchinina in carta, con trazione ad elastico, da montare e colorare.<\/p>\n<p>Gioco didattico per ragazzi dagli 8 ai 12 anni.<\/p>\n<p>Scatola di montaggio con pezzi in carta e cartoncino fustellati, legnetti e gomme. Finalit\u00e0 del gioco era stimolare le capacit\u00e0 manuali attraverso la costruzione, la colorazione e personalizzazione della macchinina, con la possibilit\u00e0 poi di vederla correre, grazie al sistema brevettato di movimento ad elastico.<\/p>\n<p>Prodotta da Giochi didattici Milano Centrale e distribuita da Citt\u00e0 del Sole ed Unicopli, anche sul mercato svizzero e tedesco.<\/p>\n<p>&nbsp;<\/p>\n<p>&nbsp;<\/p>\n<p><em>The paper car, with elastic traction, to be assembled and coloured.<\/em><em>\u00a0<\/em><\/p>\n<p><em>Educational game for children aged 8 to 12. <\/em><\/p>\n<p><em>Assembly box with die-cut paper and cardboard pieces, sticks and erasers.<\/em><em>The aim of the game was to stimulate manual skills through construction,<\/em><em>the coloring and customization of the toy car, with the possibility of seeing it run, thanks to the patented elastic movement system.<\/em><em>\u00a0<\/em><\/p>\n<p><em>Produced by Giochi didactics Milano Centrale and distributed by Citt\u00e0 del Sole and Unicopli, also on the Swiss and German markets.<\/em>[\/vc_column_text][\/vc_column][vc_column width=&#8221;1\/3&#8243;][vc_single_image image=&#8221;487&#8243; img_size=&#8221;full&#8221; alignment=&#8221;center&#8221;][\/vc_column][vc_column width=&#8221;1\/3&#8243;][vc_single_image image=&#8221;488&#8243; img_size=&#8221;full&#8221; alignment=&#8221;center&#8221;][\/vc_column][\/vc_row]<\/p>\n","protected":false},"excerpt":{"rendered":"<p>[vc_row full_width=&#8221;stretch_row_content_no_spaces&#8221;][vc_column width=&#8221;1\/3&#8243; css=&#8221;.vc_custom_1687016850462{padding-top: 40px !important;padding-right: 40px !important;padding-left: 50px !important;}&#8221;][vc_column_text]ELASTIC La macchinina in carta, con trazione ad elastico, da montare e colorare. Gioco didattico per ragazzi dagli 8 ai 12 anni. Scatola di montaggio con pezzi in carta e cartoncino fustellati, legnetti e gomme. Finalit\u00e0 del gioco era stimolare le capacit\u00e0 manuali attraverso la costruzione, [&hellip;]<\/p>\n","protected":false},"author":1,"featured_media":0,"parent":0,"menu_order":0,"comment_status":"closed","ping_status":"closed","template":"","meta":[],"_links":{"self":[{"href":"https:\/\/www.crippart.com\/index.php\/wp-json\/wp\/v2\/pages\/483"}],"collection":[{"href":"https:\/\/www.crippart.com\/index.php\/wp-json\/wp\/v2\/pages"}],"about":[{"href":"https:\/\/www.crippart.com\/index.php\/wp-json\/wp\/v2\/types\/page"}],"author":[{"embeddable":true,"href":"https:\/\/www.crippart.com\/index.php\/wp-json\/wp\/v2\/users\/1"}],"replies":[{"embeddable":true,"href":"https:\/\/www.crippart.com\/index.php\/wp-json\/wp\/v2\/comments?post=483"}],"version-history":[{"count":3,"href":"https:\/\/www.crippart.com\/index.php\/wp-json\/wp\/v2\/pages\/483\/revisions"}],"predecessor-version":[{"id":489,"href":"https:\/\/www.crippart.com\/index.php\/wp-json\/wp\/v2\/pages\/483\/revisions\/489"}],"wp:attachment":[{"href":"https:\/\/www.crippart.com\/index.php\/wp-json\/wp\/v2\/media?parent=483"}],"curies":[{"name":"wp","href":"https:\/\/api.w.org\/{rel}","templated":true}]}}